{"id":66,"date":"2024-01-08T02:49:10","date_gmt":"2024-01-08T02:49:10","guid":{"rendered":"https:\/\/cupio.edu.ve\/?page_id=66"},"modified":"2024-01-15T16:22:23","modified_gmt":"2024-01-15T16:22:23","slug":"contactanos","status":"publish","type":"page","link":"https:\/\/cupio.edu.ve\/?page_id=66","title":{"rendered":"Cont\u00e1ctanos"},"content":{"rendered":"\n<h2 class=\"wp-block-heading\">Tel\u00e9fono<\/h2>\n\n\n\n<blockquote class=\"wp-block-quote is-layout-flow wp-block-quote-is-layout-flow\">\n<p>0241-8919929<\/p>\n<\/blockquote>\n\n\n\n<h2 class=\"wp-block-heading\">Correo<\/h2>\n\n\n\n<blockquote class=\"wp-block-quote is-layout-flow wp-block-quote-is-layout-flow\">\n<p>colegiocupio@cupio.edu.ve<\/p>\n<\/blockquote>\n\n\n\n<h2 class=\"wp-block-heading\">Instagram<\/h2>\n\n\n\n<blockquote class=\"wp-block-quote is-layout-flow wp-block-quote-is-layout-flow\">\n<p>@cupiovalencia<\/p>\n<\/blockquote>\n\n\n\n<h2 class=\"wp-block-heading\">Direcci\u00f3n<\/h2>\n\n\n\n<p>Av. Universidad. Edificio sede Hogares CREA de Venezuela, frente al C\u00edrculo Militar y Villa Ol\u00edmpica, sector Guaparo. Naguanagua, estado Carabobo.<\/p>\n\n\n\n<div class=\"wp-block-group is-vertical is-content-justification-center is-layout-flex wp-container-core-group-is-layout-ce155fab wp-block-group-is-layout-flex\">\n<div class=\"wp-block-columns are-vertically-aligned-top is-layout-flex wp-container-core-columns-is-layout-28f84493 wp-block-columns-is-layout-flex\">\n<div class=\"wp-block-column is-vertically-aligned-top is-layout-flow wp-block-column-is-layout-flow\" style=\"flex-basis:100%\">\n<pre class=\"wp-block-code\"><code><iframe src=\"https:\/\/www.google.com\/maps\/embed?pb=!1m14!1m8!1m3!1d15705.368054422013!2d-68.0109554!3d10.2339754!3m2!1i1024!2i768!4f13.1!3m3!1m2!1s0x8e805dae30e28d9b%3A0xe847a4053c7df280!2sColegio%20Universitario%20Padre%20Isaias%20Ojeda!5e0!3m2!1ses!2sve!4v1704682268990!5m2!1ses!2sve\" width=\"600\" height=\"450\" style=\"border:0;\" allowfullscreen=\"\" loading=\"lazy\" referrerpolicy=\"no-referrer-when-downgrade\"><\/iframe><\/code><\/pre>\n<\/div>\n<\/div>\n<\/div>\n","protected":false},"excerpt":{"rendered":"<p>Tel\u00e9fono 0241-8919929 Correo colegiocupio@cupio.edu.ve Instagram @cupiovalencia Direcci\u00f3n Av. Universidad. Edificio sede Hogares CREA de Venezuela, frente al C\u00edrculo Militar y Villa Ol\u00edmpica, sector Guaparo. Naguanagua, estado Carabobo.<\/p>\n","protected":false},"author":1,"featured_media":0,"parent":0,"menu_order":0,"comment_status":"closed","ping_status":"closed","template":"","meta":{"footnotes":""},"class_list":["post-66","page","type-page","status-publish","hentry"],"_links":{"self":[{"href":"https:\/\/cupio.edu.ve\/index.php?rest_route=\/wp\/v2\/pages\/66","targetHints":{"allow":["GET"]}}],"collection":[{"href":"https:\/\/cupio.edu.ve\/index.php?rest_route=\/wp\/v2\/pages"}],"about":[{"href":"https:\/\/cupio.edu.ve\/index.php?rest_route=\/wp\/v2\/types\/page"}],"author":[{"embeddable":true,"href":"https:\/\/cupio.edu.ve\/index.php?rest_route=\/wp\/v2\/users\/1"}],"replies":[{"embeddable":true,"href":"https:\/\/cupio.edu.ve\/index.php?rest_route=%2Fwp%2Fv2%2Fcomments&post=66"}],"version-history":[{"count":14,"href":"https:\/\/cupio.edu.ve\/index.php?rest_route=\/wp\/v2\/pages\/66\/revisions"}],"predecessor-version":[{"id":293,"href":"https:\/\/cupio.edu.ve\/index.php?rest_route=\/wp\/v2\/pages\/66\/revisions\/293"}],"wp:attachment":[{"href":"https:\/\/cupio.edu.ve\/index.php?rest_route=%2Fwp%2Fv2%2Fmedia&parent=66"}],"curies":[{"name":"wp","href":"https:\/\/api.w.org\/{rel}","templated":true}]}}