{"id":263,"date":"2024-01-15T02:18:15","date_gmt":"2024-01-15T02:18:15","guid":{"rendered":"https:\/\/cupio.edu.ve\/?page_id=263"},"modified":"2024-01-15T02:26:49","modified_gmt":"2024-01-15T02:26:49","slug":"directorio","status":"publish","type":"page","link":"https:\/\/cupio.edu.ve\/?page_id=263","title":{"rendered":"Directorio"},"content":{"rendered":"\n<h2 class=\"wp-block-heading\">Consejo Directivo<\/h2>\n\n\n\n<div class=\"wp-block-columns is-layout-flex wp-container-core-columns-is-layout-28f84493 wp-block-columns-is-layout-flex\">\n<div class=\"wp-block-column is-layout-flow wp-block-column-is-layout-flow\"><\/div>\n<\/div>\n\n\n\n<figure class=\"wp-block-table\"><table><tbody><tr><td><strong>Dependencia<\/strong><\/td><td><strong>Correo Electr\u00f3nico<\/strong><\/td><\/tr><tr><td>CUPIO (Principal)<\/td><td>colegiocupio@cupio.edu.ve<\/td><\/tr><tr><td>Direcci\u00f3n<\/td><td>jesus.yanez@cupio.edu.ve<\/td><\/tr><tr><td>Subdirecci\u00f3n Acad\u00e9mica<\/td><td>subdir.acad\u00e9mica@cupio.edu.ve<\/td><\/tr><tr><td>Subdirecci\u00f3n Administrativa<\/td><td>maria.chirinos@cupio.edu.ve<\/td><\/tr><tr><td>Jefatura de Control de Estudios<\/td><td>controldeestudios@cupio.edu.ve<\/td><\/tr><tr><td>Jefatura de Divisi\u00f3n Acad\u00e9mica<\/td><td>division.academica@cupio.edu.ve<\/td><\/tr><\/tbody><\/table><\/figure>\n\n\n\n<h2 class=\"wp-block-heading\">Coordinaciones<\/h2>\n\n\n\n<div class=\"wp-block-columns is-layout-flex wp-container-core-columns-is-layout-28f84493 wp-block-columns-is-layout-flex\">\n<div class=\"wp-block-column is-layout-flow wp-block-column-is-layout-flow\"><\/div>\n<\/div>\n\n\n\n<figure class=\"wp-block-table\"><table><tbody><tr><td><strong>Dependencia<\/strong><\/td><td><strong>Correo Electr\u00f3nico<\/strong><\/td><\/tr><tr><td>Trabajo de Grado e Investigaci\u00f3n<\/td><td>trabajodegrado@cupio.edu.ve<\/td><\/tr><tr><td>Pasant\u00edas Profesionales<\/td><td>pasantias.profesionales@cupio.edu.ve<\/td><\/tr><tr><td>Bienestar Estudiantil<\/td><td>bienestar.estudiantil@cupio.edu.ve<\/td><\/tr><tr><td>Servicio Comunitario<\/td><td>servicio.comunitario@cupio.edu.ve<\/td><\/tr><tr><td>Extensi\u00f3n Universitaria<\/td><td>extension@cupio.edu.ve<\/td><\/tr><tr><td>Unidad de Salud Integral para el Desarrollo Humano<\/td><td>usidh@cupio.edu.ve<\/td><\/tr><tr><td>Evaluaci\u00f3n y Tecnolog\u00eda<\/td><td>evaluacionytecnologia@cupio.edu.ve<\/td><\/tr><\/tbody><\/table><\/figure>\n\n\n\n<h2 class=\"wp-block-heading\">Otras Depencias Administrativas<\/h2>\n\n\n\n<div class=\"wp-block-columns is-layout-flex wp-container-core-columns-is-layout-28f84493 wp-block-columns-is-layout-flex\">\n<div class=\"wp-block-column is-layout-flow wp-block-column-is-layout-flow\"><\/div>\n<\/div>\n\n\n\n<figure class=\"wp-block-table\"><table><tbody><tr><td><strong>Dependencia<\/strong><\/td><td><strong>Correo Electr\u00f3nico<\/strong><\/td><\/tr><tr><td>Caja<\/td><td>colegiocupio@cupio.edu.ve<\/td><\/tr><tr><td>Asistente de Direcci\u00f3n<\/td><td>asistente.direccion@cupio.edu.ve<\/td><\/tr><tr><td>Asistente de Personal<\/td><td>asistente.personal@cupio.edu.ve<\/td><\/tr><tr><td>Asistente de Control de Estudios<\/td><td>asistente.ce@cupio.edu.ve<\/td><\/tr><\/tbody><\/table><\/figure>\n","protected":false},"excerpt":{"rendered":"<p>Consejo Directivo Dependencia Correo Electr\u00f3nico CUPIO (Principal) colegiocupio@cupio.edu.ve Direcci\u00f3n jesus.yanez@cupio.edu.ve Subdirecci\u00f3n Acad\u00e9mica subdir.acad\u00e9mica@cupio.edu.ve Subdirecci\u00f3n Administrativa maria.chirinos@cupio.edu.ve Jefatura de Control de Estudios controldeestudios@cupio.edu.ve Jefatura de Divisi\u00f3n Acad\u00e9mica division.academica@cupio.edu.ve Coordinaciones Dependencia Correo Electr\u00f3nico Trabajo de Grado e Investigaci\u00f3n trabajodegrado@cupio.edu.ve Pasant\u00edas Profesionales pasantias.profesionales@cupio.edu.ve Bienestar Estudiantil bienestar.estudiantil@cupio.edu.ve Servicio Comunitario servicio.comunitario@cupio.edu.ve Extensi\u00f3n Universitaria extension@cupio.edu.ve Unidad de Salud Integral para el [&hellip;]<\/p>\n","protected":false},"author":1,"featured_media":0,"parent":0,"menu_order":0,"comment_status":"closed","ping_status":"closed","template":"","meta":{"footnotes":""},"class_list":["post-263","page","type-page","status-publish","hentry"],"_links":{"self":[{"href":"https:\/\/cupio.edu.ve\/index.php?rest_route=\/wp\/v2\/pages\/263","targetHints":{"allow":["GET"]}}],"collection":[{"href":"https:\/\/cupio.edu.ve\/index.php?rest_route=\/wp\/v2\/pages"}],"about":[{"href":"https:\/\/cupio.edu.ve\/index.php?rest_route=\/wp\/v2\/types\/page"}],"author":[{"embeddable":true,"href":"https:\/\/cupio.edu.ve\/index.php?rest_route=\/wp\/v2\/users\/1"}],"replies":[{"embeddable":true,"href":"https:\/\/cupio.edu.ve\/index.php?rest_route=%2Fwp%2Fv2%2Fcomments&post=263"}],"version-history":[{"count":5,"href":"https:\/\/cupio.edu.ve\/index.php?rest_route=\/wp\/v2\/pages\/263\/revisions"}],"predecessor-version":[{"id":269,"href":"https:\/\/cupio.edu.ve\/index.php?rest_route=\/wp\/v2\/pages\/263\/revisions\/269"}],"wp:attachment":[{"href":"https:\/\/cupio.edu.ve\/index.php?rest_route=%2Fwp%2Fv2%2Fmedia&parent=263"}],"curies":[{"name":"wp","href":"https:\/\/api.w.org\/{rel}","templated":true}]}}