{"id":232,"date":"2024-01-15T01:59:59","date_gmt":"2024-01-15T01:59:59","guid":{"rendered":"https:\/\/cupio.edu.ve\/?page_id=232"},"modified":"2024-01-15T16:17:48","modified_gmt":"2024-01-15T16:17:48","slug":"alquileres","status":"publish","type":"page","link":"https:\/\/cupio.edu.ve\/?page_id=232","title":{"rendered":"Alquileres"},"content":{"rendered":"\n<p>El Colegio Universitario \u201cPadre Isa\u00edas Ojeda\u201d de Hogares Crea, te ofrece la posibilidad de alquilar nuestros espacios para el desarrollo de actividades acad\u00e9micas, culturales, recreativas, informativas, entre otras, que est\u00e9n en sinton\u00eda con los valores institucionales. Puede solicitar disponibilidad de fechas y cotizaciones al correo a <a href=\"mailto:cursosytalleres@cupio.edu.ve\"><u>colegiocupio@cupio.edu.ve<\/u><\/a>&nbsp;o llamando al 0241-8919929. Entre los espacios disponibles se encuentran:<\/p>\n\n\n\n<h2 class=\"wp-block-heading\">Auditorio Principal HCV<\/h2>\n\n\n\n<figure class=\"wp-block-table\"><table><tbody><tr><td>Capacidad<\/td><td>250 participantes<\/td><\/tr><tr><td>Servicios<\/td><td>Aire acondicionado, tarima y podio<\/td><\/tr><tr><td>Tiempo del alquiler<\/td><td>4 hrs, 8 hrs<\/td><\/tr><tr><td>D\u00edas y horas disponibles<\/td><td>De lunes a s\u00e1bado entre las 8am a 4pm<\/td><\/tr><\/tbody><\/table><\/figure>\n\n\n\n<figure class=\"wp-block-gallery has-nested-images columns-default is-cropped wp-block-gallery-1 is-layout-flex wp-block-gallery-is-layout-flex\">\n<figure class=\"wp-block-image size-large\"><img loading=\"lazy\" decoding=\"async\" width=\"1000\" height=\"750\" data-id=\"252\" src=\"https:\/\/cupio.edu.ve\/wp-content\/uploads\/2024\/01\/45f4b686-05ef-4740-b333-e623c7811d47.jpg\" alt=\"\" class=\"wp-image-252\" srcset=\"https:\/\/cupio.edu.ve\/wp-content\/uploads\/2024\/01\/45f4b686-05ef-4740-b333-e623c7811d47.jpg 1000w, https:\/\/cupio.edu.ve\/wp-content\/uploads\/2024\/01\/45f4b686-05ef-4740-b333-e623c7811d47-300x225.jpg 300w, https:\/\/cupio.edu.ve\/wp-content\/uploads\/2024\/01\/45f4b686-05ef-4740-b333-e623c7811d47-768x576.jpg 768w\" sizes=\"auto, (max-width: 1000px) 100vw, 1000px\" \/><\/figure>\n\n\n\n<figure class=\"wp-block-image size-large\"><img loading=\"lazy\" decoding=\"async\" width=\"750\" height=\"1000\" data-id=\"251\" src=\"https:\/\/cupio.edu.ve\/wp-content\/uploads\/2024\/01\/69226af9-4f88-4cc6-88cf-7d32c1f84941.jpg\" alt=\"\" class=\"wp-image-251\" srcset=\"https:\/\/cupio.edu.ve\/wp-content\/uploads\/2024\/01\/69226af9-4f88-4cc6-88cf-7d32c1f84941.jpg 750w, https:\/\/cupio.edu.ve\/wp-content\/uploads\/2024\/01\/69226af9-4f88-4cc6-88cf-7d32c1f84941-225x300.jpg 225w\" sizes=\"auto, (max-width: 750px) 100vw, 750px\" \/><\/figure>\n\n\n\n<figure class=\"wp-block-image size-large\"><img loading=\"lazy\" decoding=\"async\" width=\"750\" height=\"1000\" data-id=\"253\" src=\"https:\/\/cupio.edu.ve\/wp-content\/uploads\/2024\/01\/b07378a7-4c01-4f41-b093-a5b9a262152b.jpg\" alt=\"\" class=\"wp-image-253\" srcset=\"https:\/\/cupio.edu.ve\/wp-content\/uploads\/2024\/01\/b07378a7-4c01-4f41-b093-a5b9a262152b.jpg 750w, https:\/\/cupio.edu.ve\/wp-content\/uploads\/2024\/01\/b07378a7-4c01-4f41-b093-a5b9a262152b-225x300.jpg 225w\" sizes=\"auto, (max-width: 750px) 100vw, 750px\" \/><\/figure>\n<\/figure>\n\n\n\n<h2 class=\"wp-block-heading\">Auditorio CUPIO<\/h2>\n\n\n\n<figure class=\"wp-block-table\"><table><tbody><tr><td>Capacidad<\/td><td>100 participantes<\/td><\/tr><tr><td>Servicios<\/td><td>Aire acondicionado, tarima y podio, pantalla para proyectores, punto con conexi\u00f3n a internet<\/td><\/tr><tr><td>Tiempo del alquiler<\/td><td>4 hrs, 8 hrs<\/td><\/tr><tr><td>D\u00edas y horas disponibles<\/td><td>De lunes a s\u00e1bado entre las 8am a 4pm<\/td><\/tr><\/tbody><\/table><\/figure>\n\n\n\n<figure class=\"wp-block-gallery has-nested-images columns-default is-cropped wp-block-gallery-2 is-layout-flex wp-block-gallery-is-layout-flex\">\n<figure class=\"wp-block-image size-large\"><img loading=\"lazy\" decoding=\"async\" width=\"750\" height=\"1000\" data-id=\"234\" src=\"https:\/\/cupio.edu.ve\/wp-content\/uploads\/2024\/01\/3a56edf4-0619-4dec-abfe-a3e613be09fc.jpg\" alt=\"\" class=\"wp-image-234\" srcset=\"https:\/\/cupio.edu.ve\/wp-content\/uploads\/2024\/01\/3a56edf4-0619-4dec-abfe-a3e613be09fc.jpg 750w, https:\/\/cupio.edu.ve\/wp-content\/uploads\/2024\/01\/3a56edf4-0619-4dec-abfe-a3e613be09fc-225x300.jpg 225w\" sizes=\"auto, (max-width: 750px) 100vw, 750px\" \/><\/figure>\n\n\n\n<figure class=\"wp-block-image size-large\"><img loading=\"lazy\" decoding=\"async\" width=\"1000\" height=\"750\" data-id=\"233\" src=\"https:\/\/cupio.edu.ve\/wp-content\/uploads\/2024\/01\/3b01c64b-d18a-4165-9251-916050f3621d.jpg\" alt=\"\" class=\"wp-image-233\" srcset=\"https:\/\/cupio.edu.ve\/wp-content\/uploads\/2024\/01\/3b01c64b-d18a-4165-9251-916050f3621d.jpg 1000w, https:\/\/cupio.edu.ve\/wp-content\/uploads\/2024\/01\/3b01c64b-d18a-4165-9251-916050f3621d-300x225.jpg 300w, https:\/\/cupio.edu.ve\/wp-content\/uploads\/2024\/01\/3b01c64b-d18a-4165-9251-916050f3621d-768x576.jpg 768w\" sizes=\"auto, (max-width: 1000px) 100vw, 1000px\" \/><\/figure>\n\n\n\n<figure class=\"wp-block-image size-large\"><img loading=\"lazy\" decoding=\"async\" width=\"750\" height=\"1000\" data-id=\"235\" src=\"https:\/\/cupio.edu.ve\/wp-content\/uploads\/2024\/01\/9e535ae7-ba2d-469e-85de-542c70991e88.jpg\" alt=\"\" class=\"wp-image-235\" srcset=\"https:\/\/cupio.edu.ve\/wp-content\/uploads\/2024\/01\/9e535ae7-ba2d-469e-85de-542c70991e88.jpg 750w, https:\/\/cupio.edu.ve\/wp-content\/uploads\/2024\/01\/9e535ae7-ba2d-469e-85de-542c70991e88-225x300.jpg 225w\" sizes=\"auto, (max-width: 750px) 100vw, 750px\" \/><\/figure>\n<\/figure>\n\n\n\n<h2 class=\"wp-block-heading\">Sal\u00f3n de Reuniones<\/h2>\n\n\n\n<figure class=\"wp-block-table\"><table><tbody><tr><td>Capacidad<\/td><td>20 participantes<\/td><\/tr><tr><td>Servicios<\/td><td>Aire acondicionado, pantalla para proyectores, mesa de trabajo, ba\u00f1os anexo, punto con conexi\u00f3n a internet<\/td><\/tr><tr><td>Tiempo del alquiler<\/td><td>4 hrs, 8 hrs<\/td><\/tr><tr><td>D\u00edas y horas disponibles<\/td><td>De lunes a s\u00e1bado entre las 8am a 4pm<\/td><\/tr><\/tbody><\/table><\/figure>\n\n\n\n<figure class=\"wp-block-gallery has-nested-images columns-default is-cropped wp-block-gallery-3 is-layout-flex wp-block-gallery-is-layout-flex\">\n<figure class=\"wp-block-image size-large\"><img loading=\"lazy\" decoding=\"async\" width=\"750\" height=\"1000\" data-id=\"236\" src=\"https:\/\/cupio.edu.ve\/wp-content\/uploads\/2024\/01\/6a4d48a6-81b1-4722-aa7d-a844d224c313.jpg\" alt=\"\" class=\"wp-image-236\" srcset=\"https:\/\/cupio.edu.ve\/wp-content\/uploads\/2024\/01\/6a4d48a6-81b1-4722-aa7d-a844d224c313.jpg 750w, https:\/\/cupio.edu.ve\/wp-content\/uploads\/2024\/01\/6a4d48a6-81b1-4722-aa7d-a844d224c313-225x300.jpg 225w\" sizes=\"auto, (max-width: 750px) 100vw, 750px\" \/><\/figure>\n\n\n\n<figure class=\"wp-block-image size-large\"><img loading=\"lazy\" decoding=\"async\" width=\"750\" height=\"1000\" data-id=\"237\" src=\"https:\/\/cupio.edu.ve\/wp-content\/uploads\/2024\/01\/89ddba46-d036-4faa-8b68-0c8382fb6e57.jpg\" alt=\"\" class=\"wp-image-237\" srcset=\"https:\/\/cupio.edu.ve\/wp-content\/uploads\/2024\/01\/89ddba46-d036-4faa-8b68-0c8382fb6e57.jpg 750w, https:\/\/cupio.edu.ve\/wp-content\/uploads\/2024\/01\/89ddba46-d036-4faa-8b68-0c8382fb6e57-225x300.jpg 225w\" sizes=\"auto, (max-width: 750px) 100vw, 750px\" \/><\/figure>\n\n\n\n<figure class=\"wp-block-image size-large\"><img loading=\"lazy\" decoding=\"async\" width=\"1000\" height=\"750\" data-id=\"238\" src=\"https:\/\/cupio.edu.ve\/wp-content\/uploads\/2024\/01\/fa6c5707-9860-4616-87e1-99025637a6d5.jpg\" alt=\"\" class=\"wp-image-238\" srcset=\"https:\/\/cupio.edu.ve\/wp-content\/uploads\/2024\/01\/fa6c5707-9860-4616-87e1-99025637a6d5.jpg 1000w, https:\/\/cupio.edu.ve\/wp-content\/uploads\/2024\/01\/fa6c5707-9860-4616-87e1-99025637a6d5-300x225.jpg 300w, https:\/\/cupio.edu.ve\/wp-content\/uploads\/2024\/01\/fa6c5707-9860-4616-87e1-99025637a6d5-768x576.jpg 768w\" sizes=\"auto, (max-width: 1000px) 100vw, 1000px\" \/><\/figure>\n<\/figure>\n\n\n\n<h2 class=\"wp-block-heading\">Aulas<\/h2>\n\n\n\n<figure class=\"wp-block-table\"><table><tbody><tr><td>Capacidad<\/td><td>Entre 30 hasta 40 participantes<\/td><\/tr><tr><td>Servicios<\/td><td>Aire acondicionado, pizarra acr\u00edlica, punto con conexi\u00f3n a internet<\/td><\/tr><tr><td>Tiempo del alquiler<\/td><td>4 hrs, 8 hrs<\/td><\/tr><tr><td>D\u00edas y horas disponibles<\/td><td>De lunes a s\u00e1bado entre las 8am a 4pm<\/td><\/tr><\/tbody><\/table><\/figure>\n\n\n\n<figure class=\"wp-block-gallery has-nested-images columns-default is-cropped wp-block-gallery-4 is-layout-flex wp-block-gallery-is-layout-flex\">\n<figure class=\"wp-block-image size-large\"><img loading=\"lazy\" decoding=\"async\" width=\"750\" height=\"1000\" data-id=\"239\" src=\"https:\/\/cupio.edu.ve\/wp-content\/uploads\/2024\/01\/19e338ce-228f-4b84-8179-66212375838c.jpg\" alt=\"\" class=\"wp-image-239\" srcset=\"https:\/\/cupio.edu.ve\/wp-content\/uploads\/2024\/01\/19e338ce-228f-4b84-8179-66212375838c.jpg 750w, https:\/\/cupio.edu.ve\/wp-content\/uploads\/2024\/01\/19e338ce-228f-4b84-8179-66212375838c-225x300.jpg 225w\" sizes=\"auto, (max-width: 750px) 100vw, 750px\" \/><\/figure>\n\n\n\n<figure class=\"wp-block-image size-large\"><img loading=\"lazy\" decoding=\"async\" width=\"1000\" height=\"750\" data-id=\"240\" src=\"https:\/\/cupio.edu.ve\/wp-content\/uploads\/2024\/01\/993810a8-f08a-465a-93b9-52cbde7fcab4.jpg\" alt=\"\" class=\"wp-image-240\" srcset=\"https:\/\/cupio.edu.ve\/wp-content\/uploads\/2024\/01\/993810a8-f08a-465a-93b9-52cbde7fcab4.jpg 1000w, https:\/\/cupio.edu.ve\/wp-content\/uploads\/2024\/01\/993810a8-f08a-465a-93b9-52cbde7fcab4-300x225.jpg 300w, https:\/\/cupio.edu.ve\/wp-content\/uploads\/2024\/01\/993810a8-f08a-465a-93b9-52cbde7fcab4-768x576.jpg 768w\" sizes=\"auto, (max-width: 1000px) 100vw, 1000px\" \/><\/figure>\n\n\n\n<figure class=\"wp-block-image size-large\"><img loading=\"lazy\" decoding=\"async\" width=\"750\" height=\"1000\" data-id=\"241\" src=\"https:\/\/cupio.edu.ve\/wp-content\/uploads\/2024\/01\/f6e6a9c1-21fb-4dee-8847-0fedf4b067f1.jpg\" alt=\"\" class=\"wp-image-241\" srcset=\"https:\/\/cupio.edu.ve\/wp-content\/uploads\/2024\/01\/f6e6a9c1-21fb-4dee-8847-0fedf4b067f1.jpg 750w, https:\/\/cupio.edu.ve\/wp-content\/uploads\/2024\/01\/f6e6a9c1-21fb-4dee-8847-0fedf4b067f1-225x300.jpg 225w\" sizes=\"auto, (max-width: 750px) 100vw, 750px\" \/><\/figure>\n<\/figure>\n\n\n\n<h2 class=\"wp-block-heading\">Lobby Principal<\/h2>\n\n\n\n<figure class=\"wp-block-table\"><table><tbody><tr><td>Capacidad<\/td><td>200 participantes<\/td><\/tr><tr><td>Servicios<\/td><td>Espacio abierto (sillas y decoraci\u00f3n corren por cuenta del cliente)<\/td><\/tr><tr><td>Tiempo del alquiler<\/td><td>4 hrs, 8 hrs<\/td><\/tr><tr><td>D\u00edas y horas disponibles<\/td><td>De lunes a s\u00e1bado entre las 8am a 4pm<\/td><\/tr><\/tbody><\/table><\/figure>\n\n\n\n<figure class=\"wp-block-gallery has-nested-images columns-default is-cropped wp-block-gallery-5 is-layout-flex wp-block-gallery-is-layout-flex\">\n<figure class=\"wp-block-image size-large\"><img loading=\"lazy\" decoding=\"async\" width=\"750\" height=\"1000\" data-id=\"242\" src=\"https:\/\/cupio.edu.ve\/wp-content\/uploads\/2024\/01\/13c961b9-23d3-4104-b8f0-38bc54f270d7.jpg\" alt=\"\" class=\"wp-image-242\" srcset=\"https:\/\/cupio.edu.ve\/wp-content\/uploads\/2024\/01\/13c961b9-23d3-4104-b8f0-38bc54f270d7.jpg 750w, https:\/\/cupio.edu.ve\/wp-content\/uploads\/2024\/01\/13c961b9-23d3-4104-b8f0-38bc54f270d7-225x300.jpg 225w\" sizes=\"auto, (max-width: 750px) 100vw, 750px\" \/><\/figure>\n\n\n\n<figure class=\"wp-block-image size-large\"><img loading=\"lazy\" decoding=\"async\" width=\"1000\" height=\"750\" data-id=\"244\" src=\"https:\/\/cupio.edu.ve\/wp-content\/uploads\/2024\/01\/be933199-77c5-4e2e-914a-7e548650459c.jpg\" alt=\"\" class=\"wp-image-244\" srcset=\"https:\/\/cupio.edu.ve\/wp-content\/uploads\/2024\/01\/be933199-77c5-4e2e-914a-7e548650459c.jpg 1000w, https:\/\/cupio.edu.ve\/wp-content\/uploads\/2024\/01\/be933199-77c5-4e2e-914a-7e548650459c-300x225.jpg 300w, https:\/\/cupio.edu.ve\/wp-content\/uploads\/2024\/01\/be933199-77c5-4e2e-914a-7e548650459c-768x576.jpg 768w\" sizes=\"auto, (max-width: 1000px) 100vw, 1000px\" \/><\/figure>\n\n\n\n<figure class=\"wp-block-image size-large\"><img loading=\"lazy\" decoding=\"async\" width=\"750\" height=\"1000\" data-id=\"243\" src=\"https:\/\/cupio.edu.ve\/wp-content\/uploads\/2024\/01\/9188f38f-1be3-4e1b-89ce-8e07bad72a98.jpg\" alt=\"\" class=\"wp-image-243\" srcset=\"https:\/\/cupio.edu.ve\/wp-content\/uploads\/2024\/01\/9188f38f-1be3-4e1b-89ce-8e07bad72a98.jpg 750w, https:\/\/cupio.edu.ve\/wp-content\/uploads\/2024\/01\/9188f38f-1be3-4e1b-89ce-8e07bad72a98-225x300.jpg 225w\" sizes=\"auto, (max-width: 750px) 100vw, 750px\" \/><\/figure>\n<\/figure>\n\n\n\n<h2 class=\"wp-block-heading\">Lobby Lateral<\/h2>\n\n\n\n<figure class=\"wp-block-table\"><table><tbody><tr><td>Capacidad<\/td><td>100 participantes<\/td><\/tr><tr><td>Servicios<\/td><td>Espacio abierto (sillas y decoraci\u00f3n corren por cuenta del cliente)<\/td><\/tr><tr><td>Tiempo del alquiler<\/td><td>4 hrs, 8 hrs<\/td><\/tr><tr><td>D\u00edas y horas disponibles<\/td><td>De lunes a s\u00e1bado entre las 8am a 4pm<\/td><\/tr><\/tbody><\/table><\/figure>\n\n\n\n<figure class=\"wp-block-gallery has-nested-images columns-default is-cropped wp-block-gallery-6 is-layout-flex wp-block-gallery-is-layout-flex\">\n<figure class=\"wp-block-image size-large\"><img loading=\"lazy\" decoding=\"async\" width=\"750\" height=\"1000\" data-id=\"245\" src=\"https:\/\/cupio.edu.ve\/wp-content\/uploads\/2024\/01\/5a33c1b6-5416-44dc-88ce-d090ea585561.jpg\" alt=\"\" class=\"wp-image-245\" srcset=\"https:\/\/cupio.edu.ve\/wp-content\/uploads\/2024\/01\/5a33c1b6-5416-44dc-88ce-d090ea585561.jpg 750w, https:\/\/cupio.edu.ve\/wp-content\/uploads\/2024\/01\/5a33c1b6-5416-44dc-88ce-d090ea585561-225x300.jpg 225w\" sizes=\"auto, (max-width: 750px) 100vw, 750px\" \/><\/figure>\n\n\n\n<figure class=\"wp-block-image size-large\"><img loading=\"lazy\" decoding=\"async\" width=\"1000\" height=\"750\" data-id=\"246\" src=\"https:\/\/cupio.edu.ve\/wp-content\/uploads\/2024\/01\/8ec9e396-742f-488f-8e7d-405f8f584a75.jpg\" alt=\"\" class=\"wp-image-246\" srcset=\"https:\/\/cupio.edu.ve\/wp-content\/uploads\/2024\/01\/8ec9e396-742f-488f-8e7d-405f8f584a75.jpg 1000w, https:\/\/cupio.edu.ve\/wp-content\/uploads\/2024\/01\/8ec9e396-742f-488f-8e7d-405f8f584a75-300x225.jpg 300w, https:\/\/cupio.edu.ve\/wp-content\/uploads\/2024\/01\/8ec9e396-742f-488f-8e7d-405f8f584a75-768x576.jpg 768w\" sizes=\"auto, (max-width: 1000px) 100vw, 1000px\" \/><\/figure>\n<\/figure>\n\n\n\n<h2 class=\"wp-block-heading\">Sal\u00f3n de Inform\u00e1tica<\/h2>\n\n\n\n<figure class=\"wp-block-table\"><table><tbody><tr><td>Capacidad<\/td><td>14 participantes<\/td><\/tr><tr><td>Servicios<\/td><td>Aire acondicionado, computadoras personales con capacidad para programas de dise\u00f1o gr\u00e1fico y ofim\u00e1ticas<\/td><\/tr><tr><td>Tiempo del alquiler<\/td><td>4 hrs, 8 hrs<\/td><\/tr><tr><td>D\u00edas y horas disponibles<\/td><td>De lunes a s\u00e1bado entre las 8am a 4pm<\/td><\/tr><\/tbody><\/table><\/figure>\n\n\n\n<figure class=\"wp-block-gallery has-nested-images columns-default is-cropped wp-block-gallery-7 is-layout-flex wp-block-gallery-is-layout-flex\">\n<figure class=\"wp-block-image size-large\"><img loading=\"lazy\" decoding=\"async\" width=\"750\" height=\"1000\" data-id=\"248\" src=\"https:\/\/cupio.edu.ve\/wp-content\/uploads\/2024\/01\/5249fc81-fc2d-43b7-802a-7ee15b80e456.jpg\" alt=\"\" class=\"wp-image-248\" srcset=\"https:\/\/cupio.edu.ve\/wp-content\/uploads\/2024\/01\/5249fc81-fc2d-43b7-802a-7ee15b80e456.jpg 750w, https:\/\/cupio.edu.ve\/wp-content\/uploads\/2024\/01\/5249fc81-fc2d-43b7-802a-7ee15b80e456-225x300.jpg 225w\" sizes=\"auto, (max-width: 750px) 100vw, 750px\" \/><\/figure>\n\n\n\n<figure class=\"wp-block-image size-large\"><img loading=\"lazy\" decoding=\"async\" width=\"750\" height=\"1000\" data-id=\"247\" src=\"https:\/\/cupio.edu.ve\/wp-content\/uploads\/2024\/01\/24904584-7708-4b7f-8ce3-7bd987246c04.jpg\" alt=\"\" class=\"wp-image-247\" srcset=\"https:\/\/cupio.edu.ve\/wp-content\/uploads\/2024\/01\/24904584-7708-4b7f-8ce3-7bd987246c04.jpg 750w, https:\/\/cupio.edu.ve\/wp-content\/uploads\/2024\/01\/24904584-7708-4b7f-8ce3-7bd987246c04-225x300.jpg 225w\" sizes=\"auto, (max-width: 750px) 100vw, 750px\" \/><\/figure>\n\n\n\n<figure class=\"wp-block-image size-large\"><img loading=\"lazy\" decoding=\"async\" width=\"750\" height=\"1000\" data-id=\"250\" src=\"https:\/\/cupio.edu.ve\/wp-content\/uploads\/2024\/01\/f738316d-d718-4be8-ac90-227f3c718e5b.jpg\" alt=\"\" class=\"wp-image-250\" srcset=\"https:\/\/cupio.edu.ve\/wp-content\/uploads\/2024\/01\/f738316d-d718-4be8-ac90-227f3c718e5b.jpg 750w, https:\/\/cupio.edu.ve\/wp-content\/uploads\/2024\/01\/f738316d-d718-4be8-ac90-227f3c718e5b-225x300.jpg 225w\" sizes=\"auto, (max-width: 750px) 100vw, 750px\" \/><\/figure>\n<\/figure>\n\n\n\n<h2 class=\"wp-block-heading\">Cotizaciones y Reservaciones<\/h2>\n\n\n\n<blockquote class=\"wp-block-quote is-layout-flow wp-block-quote-is-layout-flow\">\n<p>colegiocupio@cupio.edu.ve<\/p>\n<cite>0241-8919929<\/cite><\/blockquote>\n","protected":false},"excerpt":{"rendered":"<p>El Colegio Universitario \u201cPadre Isa\u00edas Ojeda\u201d de Hogares Crea, te ofrece la posibilidad de alquilar nuestros espacios para el desarrollo de actividades acad\u00e9micas, culturales, recreativas, informativas, entre otras, que est\u00e9n en sinton\u00eda con los valores institucionales. Puede solicitar disponibilidad de fechas y cotizaciones al correo a colegiocupio@cupio.edu.ve&nbsp;o llamando al 0241-8919929. Entre los espacios disponibles se [&hellip;]<\/p>\n","protected":false},"author":1,"featured_media":0,"parent":0,"menu_order":0,"comment_status":"closed","ping_status":"closed","template":"","meta":{"footnotes":""},"class_list":["post-232","page","type-page","status-publish","hentry"],"_links":{"self":[{"href":"https:\/\/cupio.edu.ve\/index.php?rest_route=\/wp\/v2\/pages\/232","targetHints":{"allow":["GET"]}}],"collection":[{"href":"https:\/\/cupio.edu.ve\/index.php?rest_route=\/wp\/v2\/pages"}],"about":[{"href":"https:\/\/cupio.edu.ve\/index.php?rest_route=\/wp\/v2\/types\/page"}],"author":[{"embeddable":true,"href":"https:\/\/cupio.edu.ve\/index.php?rest_route=\/wp\/v2\/users\/1"}],"replies":[{"embeddable":true,"href":"https:\/\/cupio.edu.ve\/index.php?rest_route=%2Fwp%2Fv2%2Fcomments&post=232"}],"version-history":[{"count":3,"href":"https:\/\/cupio.edu.ve\/index.php?rest_route=\/wp\/v2\/pages\/232\/revisions"}],"predecessor-version":[{"id":287,"href":"https:\/\/cupio.edu.ve\/index.php?rest_route=\/wp\/v2\/pages\/232\/revisions\/287"}],"wp:attachment":[{"href":"https:\/\/cupio.edu.ve\/index.php?rest_route=%2Fwp%2Fv2%2Fmedia&parent=232"}],"curies":[{"name":"wp","href":"https:\/\/api.w.org\/{rel}","templated":true}]}}