{"id":224,"date":"2024-01-15T01:26:20","date_gmt":"2024-01-15T01:26:20","guid":{"rendered":"https:\/\/cupio.edu.ve\/?page_id=224"},"modified":"2024-01-15T01:26:20","modified_gmt":"2024-01-15T01:26:20","slug":"evaluacion-y-tecnologia","status":"publish","type":"page","link":"https:\/\/cupio.edu.ve\/?page_id=224","title":{"rendered":"Evaluaci\u00f3n y Tecnolog\u00eda"},"content":{"rendered":"\n<p>La Coordinaci\u00f3n de Evaluaci\u00f3n y Tecnolog\u00eda Educativa (CEyTE) depende directamente de la Jefatura de Control de Estudios y Evaluaci\u00f3n y se encarga de la organizaci\u00f3n, planificaci\u00f3n, ejecuci\u00f3n, control y supervisi\u00f3n de las actividades administrativas-acad\u00e9micas inherentes al proceso de evaluaci\u00f3n docente, as\u00ed como de la promoci\u00f3n de las Tecnolog\u00edas del Aprendizaje y del Conocimiento (TAC), con especial \u00e9nfasis en el adiestramiento y orientaci\u00f3n continua del personal acad\u00e9mico y estudiantil en cuanto al uso de la tecnolog\u00eda como herramientas de apoyo a al proceso educativo.<br><\/p>\n\n\n\n<h2 class=\"wp-block-heading\">Objetivo General<\/h2>\n\n\n\n<p>Dise\u00f1ar, implantar y supervisar toda la actividad vinculada con la evaluaci\u00f3n e informaci\u00f3n estad\u00edstica institucional, con la finalidad de dar a conocer el cumplimiento de la misi\u00f3n, visi\u00f3n, objetivos y valores propios de la universidad y ofrecer una mirada objetiva acerca de la calidad e impacto social que caracteriza a la instituci\u00f3n, que contribuya a la toma de decisiones y en consecuencia establecer estrategias que conduzcan a la optimizaci\u00f3n de la gesti\u00f3n Institucional en materia de pol\u00edtica, planes y proyectos educativos.<\/p>\n\n\n\n<h2 class=\"wp-block-heading\">Objetivos Espec\u00edficos<\/h2>\n\n\n\n<ol class=\"wp-block-list\">\n<li>Supervisar de manera continua el desempe\u00f1o docente de acuerdo a los est\u00e1ndares de calidad establecidos por intuici\u00f3n, en consonancia con la misi\u00f3n, visi\u00f3n y valores cupienses.<\/li>\n\n\n\n<li>Coordinar la compilaci\u00f3n, revisi\u00f3n y divulgaci\u00f3n de la informaci\u00f3n estad\u00edstica institucional ante organismos oficiales.<\/li>\n\n\n\n<li>Promover el uso de las Tecnolog\u00edas del Aprendizaje y del Conocimiento (TAC), como herramienta de apoyo a la presencialidad.<\/li>\n<\/ol>\n\n\n\n<h2 class=\"wp-block-heading\">Otras funciones<\/h2>\n\n\n\n<p>La CEyTE es la encargada de administrar los correos con dominio @cupio.edu.ve, orientar a la comunidad cupiense sobre el uso de la plataforma Google Classroom, y gestionar cualquier inconveniente con el usuario SICE, tanto de estudiantes como de profesores. En este sentido las personas interesadas podr\u00e1n dirigirse a la coordinaci\u00f3n para:<\/p>\n\n\n\n<ul class=\"wp-block-list\">\n<li>Apertura de Correo Institucional.<\/li>\n\n\n\n<li>Gesti\u00f3n de claves del Correo Institucional y del Usuario SICE.<\/li>\n\n\n\n<li>Orientaci\u00f3n sobre el uso de la plataforma Google Classroom.<\/li>\n<\/ul>\n\n\n\n<h2 class=\"wp-block-heading\">Correo de Contacto<\/h2>\n\n\n\n<blockquote class=\"wp-block-quote is-layout-flow wp-block-quote-is-layout-flow\">\n<p>evaluacionytecnologia@cupio.edu.ve<\/p>\n<\/blockquote>\n","protected":false},"excerpt":{"rendered":"<p>La Coordinaci\u00f3n de Evaluaci\u00f3n y Tecnolog\u00eda Educativa (CEyTE) depende directamente de la Jefatura de Control de Estudios y Evaluaci\u00f3n y se encarga de la organizaci\u00f3n, planificaci\u00f3n, ejecuci\u00f3n, control y supervisi\u00f3n de las actividades administrativas-acad\u00e9micas inherentes al proceso de evaluaci\u00f3n docente, as\u00ed como de la promoci\u00f3n de las Tecnolog\u00edas del Aprendizaje y del Conocimiento (TAC), con [&hellip;]<\/p>\n","protected":false},"author":1,"featured_media":0,"parent":0,"menu_order":0,"comment_status":"closed","ping_status":"closed","template":"","meta":{"footnotes":""},"class_list":["post-224","page","type-page","status-publish","hentry"],"_links":{"self":[{"href":"https:\/\/cupio.edu.ve\/index.php?rest_route=\/wp\/v2\/pages\/224","targetHints":{"allow":["GET"]}}],"collection":[{"href":"https:\/\/cupio.edu.ve\/index.php?rest_route=\/wp\/v2\/pages"}],"about":[{"href":"https:\/\/cupio.edu.ve\/index.php?rest_route=\/wp\/v2\/types\/page"}],"author":[{"embeddable":true,"href":"https:\/\/cupio.edu.ve\/index.php?rest_route=\/wp\/v2\/users\/1"}],"replies":[{"embeddable":true,"href":"https:\/\/cupio.edu.ve\/index.php?rest_route=%2Fwp%2Fv2%2Fcomments&post=224"}],"version-history":[{"count":1,"href":"https:\/\/cupio.edu.ve\/index.php?rest_route=\/wp\/v2\/pages\/224\/revisions"}],"predecessor-version":[{"id":225,"href":"https:\/\/cupio.edu.ve\/index.php?rest_route=\/wp\/v2\/pages\/224\/revisions\/225"}],"wp:attachment":[{"href":"https:\/\/cupio.edu.ve\/index.php?rest_route=%2Fwp%2Fv2%2Fmedia&parent=224"}],"curies":[{"name":"wp","href":"https:\/\/api.w.org\/{rel}","templated":true}]}}