{"id":221,"date":"2024-01-15T01:23:16","date_gmt":"2024-01-15T01:23:16","guid":{"rendered":"https:\/\/cupio.edu.ve\/?page_id=221"},"modified":"2024-01-15T01:23:16","modified_gmt":"2024-01-15T01:23:16","slug":"control-de-estudios-2","status":"publish","type":"page","link":"https:\/\/cupio.edu.ve\/?page_id=221","title":{"rendered":"Control de Estudios"},"content":{"rendered":"\n<figure class=\"wp-block-image alignright size-full is-resized\"><img loading=\"lazy\" decoding=\"async\" width=\"656\" height=\"637\" src=\"https:\/\/cupio.edu.ve\/wp-content\/uploads\/2024\/01\/Logo-Control-de-Estudios-PNG.png\" alt=\"\" class=\"wp-image-222\" style=\"width:382px;height:auto\" srcset=\"https:\/\/cupio.edu.ve\/wp-content\/uploads\/2024\/01\/Logo-Control-de-Estudios-PNG.png 656w, https:\/\/cupio.edu.ve\/wp-content\/uploads\/2024\/01\/Logo-Control-de-Estudios-PNG-300x291.png 300w\" sizes=\"auto, (max-width: 656px) 100vw, 656px\" \/><\/figure>\n\n\n\n<h2 class=\"wp-block-heading\"><strong>Objetivo General<\/strong><\/h2>\n\n\n\n<p>Planificar, dirigir, controlar y supervisar la ejecuci\u00f3n de los procesos de admisi\u00f3n, seguimiento y grado estudiantil, a fin de garantizar la prestaci\u00f3n eficaz y eficiente del servicio a los usuarios sustentados en la aplicaci\u00f3n de las normas y reglamentos establecidos por la Instituci\u00f3n.<\/p>\n\n\n\n<h2 class=\"wp-block-heading\"><strong>Objetivos Espec\u00edficos<\/strong><\/h2>\n\n\n\n<ul class=\"wp-block-list\">\n<li>Orientar, informar y atender las solicitudes de la comunidad estudiantil.<\/li>\n\n\n\n<li>Orientar e informar al p\u00fablico en general en cuanto a los procesos y normas para la admisi\u00f3n a esta Instituci\u00f3n.<\/li>\n\n\n\n<li>Planear y ejecutar el proceso de nuevo ingreso, as\u00ed como la prosecuci\u00f3n del estudiante hasta la obtenci\u00f3n del grado acad\u00e9mico.<\/li>\n\n\n\n<li>Actualizar y divulgar informaci\u00f3n de inter\u00e9s del estudiante durante su prosecuci\u00f3n acad\u00e9mica hasta la obtenci\u00f3n del grado.<\/li>\n\n\n\n<li>Resguardar y actualizar la informaci\u00f3n documental y acad\u00e9mica de los alumnos, as\u00ed como de los procesos administrativos correspondientes.<\/li>\n\n\n\n<li>Elaborar y actualizar data de estudiantes para procesar las estad\u00edsticas correspondientes a los diversos procesos administrativos vinculados con el \u00e1rea.<\/li>\n\n\n\n<li>Planificar y coordinar los procesos de Actos de Grado de los estudiantes.<\/li>\n<\/ul>\n\n\n\n<h2 class=\"wp-block-heading\">Correo de Contacto<\/h2>\n\n\n\n<blockquote class=\"wp-block-quote is-layout-flow wp-block-quote-is-layout-flow\">\n<p>Correo Institucional<\/p>\n<cite>controldeestudios@cupio.edu.ve<\/cite><\/blockquote>\n","protected":false},"excerpt":{"rendered":"<p>Objetivo General Planificar, dirigir, controlar y supervisar la ejecuci\u00f3n de los procesos de admisi\u00f3n, seguimiento y grado estudiantil, a fin de garantizar la prestaci\u00f3n eficaz y eficiente del servicio a los usuarios sustentados en la aplicaci\u00f3n de las normas y reglamentos establecidos por la Instituci\u00f3n. Objetivos Espec\u00edficos Correo de Contacto Correo Institucional controldeestudios@cupio.edu.ve<\/p>\n","protected":false},"author":1,"featured_media":0,"parent":0,"menu_order":0,"comment_status":"closed","ping_status":"closed","template":"","meta":{"footnotes":""},"class_list":["post-221","page","type-page","status-publish","hentry"],"_links":{"self":[{"href":"https:\/\/cupio.edu.ve\/index.php?rest_route=\/wp\/v2\/pages\/221","targetHints":{"allow":["GET"]}}],"collection":[{"href":"https:\/\/cupio.edu.ve\/index.php?rest_route=\/wp\/v2\/pages"}],"about":[{"href":"https:\/\/cupio.edu.ve\/index.php?rest_route=\/wp\/v2\/types\/page"}],"author":[{"embeddable":true,"href":"https:\/\/cupio.edu.ve\/index.php?rest_route=\/wp\/v2\/users\/1"}],"replies":[{"embeddable":true,"href":"https:\/\/cupio.edu.ve\/index.php?rest_route=%2Fwp%2Fv2%2Fcomments&post=221"}],"version-history":[{"count":1,"href":"https:\/\/cupio.edu.ve\/index.php?rest_route=\/wp\/v2\/pages\/221\/revisions"}],"predecessor-version":[{"id":223,"href":"https:\/\/cupio.edu.ve\/index.php?rest_route=\/wp\/v2\/pages\/221\/revisions\/223"}],"wp:attachment":[{"href":"https:\/\/cupio.edu.ve\/index.php?rest_route=%2Fwp%2Fv2%2Fmedia&parent=221"}],"curies":[{"name":"wp","href":"https:\/\/api.w.org\/{rel}","templated":true}]}}