{"id":213,"date":"2024-01-15T00:54:07","date_gmt":"2024-01-15T00:54:07","guid":{"rendered":"https:\/\/cupio.edu.ve\/?page_id=213"},"modified":"2024-01-15T00:54:07","modified_gmt":"2024-01-15T00:54:07","slug":"unidad-de-salud-integral-para-el-desarrollo-humano","status":"publish","type":"page","link":"https:\/\/cupio.edu.ve\/?page_id=213","title":{"rendered":"Unidad de Salud Integral para el Desarrollo Humano"},"content":{"rendered":"\n<h2 class=\"wp-block-heading\">Rese\u00f1a<\/h2>\n\n\n\n<p>El 10 de octubre del 2018, D\u00eda Mundial de la Salud Mental, se dio apertura a la Unidad de Salud Integral del Desarrollo Humano (USIDH) como un espacio para la atenci\u00f3n integral del estudiante y la comunidad en general&nbsp; en el proceso de crecimiento y desarrollo humano. Es un servicio que permite atender las necesidades requeridas por el estudiantado en cuanto a su salud integral, lo cual propiciar\u00e1 la incorporaci\u00f3n al campo laboral de profesionales mentalmente sanos, a su vez se extiende la atenci\u00f3n terap\u00e9utica a toda la comunidad carabobe\u00f1a para crear una sociedad con una buena salud bio-psico-socio-espiritual.<\/p>\n\n\n\n<h2 class=\"wp-block-heading\"><strong>L<\/strong>abor<\/h2>\n\n\n\n<p>La USIDH tiene como labor la responsabilidad de desarrollar el Curso Introductorio para los aspirantes a cursar carreras profesionales en el Colegio Universitario \u201cPadre Isa\u00edas Ojeda\u201d de Hogares Crea teniendo como base los fundamentos institucionales valorando a cada persona como un individuo \u00edntegro desde su dimensionalidad de ser Bio-Psico-Social-Espiritual. A su vez, como Colegio Universitario, por lo que la participaci\u00f3n de cada estudiante durante este curso le va a permitir fortalecer su identidad como persona, incrementar su autoestima, valorar con nuevas perspectivas la vida y decidir incorporarse o no al \u00e1mbito acad\u00e9mico que se ofrece.<\/p>\n\n\n\n<h2 class=\"wp-block-heading\"><strong>S<\/strong>ervicios<\/h2>\n\n\n\n<p>La USIDH tambi\u00e9n ofrece charlas, talleres, acompa\u00f1amiento psicol\u00f3gico y atenci\u00f3n terap\u00e9utica por medio de grupos de apoyo, para el personal de planta, los estudiantes regulares del Colegio Universitario y al p\u00fablico general. A cada estudiante se le ofrece el servicio a bajo costo y de modo de que cada uno tenga la oportunidad de recibir la atenci\u00f3n &nbsp;especializada.<\/p>\n\n\n\n<figure class=\"wp-block-image alignright size-full is-resized\"><img loading=\"lazy\" decoding=\"async\" width=\"260\" height=\"199\" src=\"https:\/\/cupio.edu.ve\/wp-content\/uploads\/2024\/01\/Logo-USIDH-PNG.png\" alt=\"\" class=\"wp-image-214\" style=\"width:316px;height:auto\"\/><\/figure>\n\n\n\n<h2 class=\"wp-block-heading\"><strong>Descripci\u00f3n Logo USIDH<\/strong><\/h2>\n\n\n\n<p>El logo se centra en tener como fondo el cerebro, espec\u00edficamente el Hemisferio Izquierdo, soporte biol\u00f3gico de las funciones relacionadas a lo abstracto, simb\u00f3lico, l\u00f3gico, la expresi\u00f3n oral y basado en la realidad.<\/p>\n\n\n\n<p>Los cuadros de colores hacen alusi\u00f3n al Cubo&nbsp;Rubick&nbsp;que siendo un rompecabezas mec\u00e1nico tridimensional posee gran&nbsp;potencial inexplorado en el&nbsp;\u00e1mbito de las inteligencias, especialmente de la espacial y l\u00f3gico-matem\u00e1ticas,&nbsp;tambi\u00e9n mejora la psicomotricidad, la intuici\u00f3n y la&nbsp;memoria. Tiene su relaci\u00f3n con las \u00e1reas cient\u00edficas del saber y en el imaginario se ve a ese cubo como para \u00abinteligentes\u00bb; por lo que se vincula con lo que es propio de una universidad.<\/p>\n\n\n\n<h2 class=\"wp-block-heading\"><strong>Correo de Contacto<\/strong><\/h2>\n\n\n\n<blockquote class=\"wp-block-quote is-layout-flow wp-block-quote-is-layout-flow\">\n<p>usidh@cupio.edu.ve<\/p>\n<\/blockquote>\n","protected":false},"excerpt":{"rendered":"<p>Rese\u00f1a El 10 de octubre del 2018, D\u00eda Mundial de la Salud Mental, se dio apertura a la Unidad de Salud Integral del Desarrollo Humano (USIDH) como un espacio para la atenci\u00f3n integral del estudiante y la comunidad en general&nbsp; en el proceso de crecimiento y desarrollo humano. Es un servicio que permite atender las [&hellip;]<\/p>\n","protected":false},"author":1,"featured_media":0,"parent":0,"menu_order":0,"comment_status":"closed","ping_status":"closed","template":"","meta":{"footnotes":""},"class_list":["post-213","page","type-page","status-publish","hentry"],"_links":{"self":[{"href":"https:\/\/cupio.edu.ve\/index.php?rest_route=\/wp\/v2\/pages\/213","targetHints":{"allow":["GET"]}}],"collection":[{"href":"https:\/\/cupio.edu.ve\/index.php?rest_route=\/wp\/v2\/pages"}],"about":[{"href":"https:\/\/cupio.edu.ve\/index.php?rest_route=\/wp\/v2\/types\/page"}],"author":[{"embeddable":true,"href":"https:\/\/cupio.edu.ve\/index.php?rest_route=\/wp\/v2\/users\/1"}],"replies":[{"embeddable":true,"href":"https:\/\/cupio.edu.ve\/index.php?rest_route=%2Fwp%2Fv2%2Fcomments&post=213"}],"version-history":[{"count":1,"href":"https:\/\/cupio.edu.ve\/index.php?rest_route=\/wp\/v2\/pages\/213\/revisions"}],"predecessor-version":[{"id":215,"href":"https:\/\/cupio.edu.ve\/index.php?rest_route=\/wp\/v2\/pages\/213\/revisions\/215"}],"wp:attachment":[{"href":"https:\/\/cupio.edu.ve\/index.php?rest_route=%2Fwp%2Fv2%2Fmedia&parent=213"}],"curies":[{"name":"wp","href":"https:\/\/api.w.org\/{rel}","templated":true}]}}