{"id":210,"date":"2024-01-15T00:50:22","date_gmt":"2024-01-15T00:50:22","guid":{"rendered":"https:\/\/cupio.edu.ve\/?page_id=210"},"modified":"2024-01-15T00:50:22","modified_gmt":"2024-01-15T00:50:22","slug":"servicio-comunitario","status":"publish","type":"page","link":"https:\/\/cupio.edu.ve\/?page_id=210","title":{"rendered":"Servicio Comunitario"},"content":{"rendered":"\n<figure class=\"wp-block-image alignright size-full is-resized\"><img loading=\"lazy\" decoding=\"async\" width=\"692\" height=\"644\" src=\"https:\/\/cupio.edu.ve\/wp-content\/uploads\/2024\/01\/Logo-Servicio-Comunitario.jpg\" alt=\"\" class=\"wp-image-211\" style=\"width:442px;height:auto\" srcset=\"https:\/\/cupio.edu.ve\/wp-content\/uploads\/2024\/01\/Logo-Servicio-Comunitario.jpg 692w, https:\/\/cupio.edu.ve\/wp-content\/uploads\/2024\/01\/Logo-Servicio-Comunitario-300x279.jpg 300w\" sizes=\"auto, (max-width: 692px) 100vw, 692px\" \/><\/figure>\n\n\n\n<h2 class=\"wp-block-heading\"><strong>Objetivo General<\/strong><strong><\/strong><\/h2>\n\n\n\n<p>Garantizar el cumplimiento del Servicio Comunitario de los estudiantes promoviendo y ejecutando los proyectos aprobados por la instituci\u00f3n orientados a satisfacer las necesidades de la comunidad, en funci\u00f3n del perfil acad\u00e9mico de los estudiantes.<strong><\/strong><\/p>\n\n\n\n<h2 class=\"wp-block-heading\"><strong>Objetivos Espec\u00edficos:<\/strong><strong><\/strong><\/h2>\n\n\n\n<ul class=\"wp-block-list\">\n<li>Ofertar a los estudiantes, a partir de 4to semestre y cumpliendo con los requisitos, la realizaci\u00f3n del Servicio Comunitario.<\/li>\n\n\n\n<li>Orientar, informar y atender las solicitudes de la comunidad estudiantil con respecto a las actividades de la coordinaci\u00f3n y del cumplimiento del servicio.<\/li>\n\n\n\n<li>Establecer acuerdos con los Consejos Comunales Locales y Estadales de Planificaci\u00f3n P\u00fablica, Instituciones y Organizaciones p\u00fablicas y privadas y comunidad organizada entre otros.<\/li>\n\n\n\n<li>Brindar al estudiante la asesor\u00eda necesaria para el cumplimiento del Servicio Comunitario.<\/li>\n\n\n\n<li>Coordinar el momento de inicio, planificaci\u00f3n y ejecuci\u00f3n, as\u00ed como duraci\u00f3n, lugar y las condiciones para la prestaci\u00f3n del servicio comunitario.<\/li>\n\n\n\n<li>Elaborar y llevar inventario de las instituciones, proyectos desarrollados y estudiantes participantes en el Servicio Comunitario.<\/li>\n\n\n\n<li>Atender y gestionar cualquier inquietud de tutores y estudiantes en materia de Servicio Comunitario.<\/li>\n\n\n\n<li>Coordinar el control y la evaluaci\u00f3n acad\u00e9mica del Servicio Comunitario.<\/li>\n<\/ul>\n","protected":false},"excerpt":{"rendered":"<p>Objetivo General Garantizar el cumplimiento del Servicio Comunitario de los estudiantes promoviendo y ejecutando los proyectos aprobados por la instituci\u00f3n orientados a satisfacer las necesidades de la comunidad, en funci\u00f3n del perfil acad\u00e9mico de los estudiantes. Objetivos Espec\u00edficos:<\/p>\n","protected":false},"author":1,"featured_media":0,"parent":0,"menu_order":0,"comment_status":"closed","ping_status":"closed","template":"","meta":{"footnotes":""},"class_list":["post-210","page","type-page","status-publish","hentry"],"_links":{"self":[{"href":"https:\/\/cupio.edu.ve\/index.php?rest_route=\/wp\/v2\/pages\/210","targetHints":{"allow":["GET"]}}],"collection":[{"href":"https:\/\/cupio.edu.ve\/index.php?rest_route=\/wp\/v2\/pages"}],"about":[{"href":"https:\/\/cupio.edu.ve\/index.php?rest_route=\/wp\/v2\/types\/page"}],"author":[{"embeddable":true,"href":"https:\/\/cupio.edu.ve\/index.php?rest_route=\/wp\/v2\/users\/1"}],"replies":[{"embeddable":true,"href":"https:\/\/cupio.edu.ve\/index.php?rest_route=%2Fwp%2Fv2%2Fcomments&post=210"}],"version-history":[{"count":1,"href":"https:\/\/cupio.edu.ve\/index.php?rest_route=\/wp\/v2\/pages\/210\/revisions"}],"predecessor-version":[{"id":212,"href":"https:\/\/cupio.edu.ve\/index.php?rest_route=\/wp\/v2\/pages\/210\/revisions\/212"}],"wp:attachment":[{"href":"https:\/\/cupio.edu.ve\/index.php?rest_route=%2Fwp%2Fv2%2Fmedia&parent=210"}],"curies":[{"name":"wp","href":"https:\/\/api.w.org\/{rel}","templated":true}]}}