{"id":201,"date":"2024-01-15T00:42:24","date_gmt":"2024-01-15T00:42:24","guid":{"rendered":"https:\/\/cupio.edu.ve\/?page_id=201"},"modified":"2024-01-15T00:47:03","modified_gmt":"2024-01-15T00:47:03","slug":"trabajo-de-grado-e-investigacion","status":"publish","type":"page","link":"https:\/\/cupio.edu.ve\/?page_id=201","title":{"rendered":"Trabajo de Grado e Investigaci\u00f3n"},"content":{"rendered":"\n<figure class=\"wp-block-image alignright size-full is-resized\"><img loading=\"lazy\" decoding=\"async\" width=\"556\" height=\"630\" src=\"https:\/\/cupio.edu.ve\/wp-content\/uploads\/2024\/01\/LOGO-TdG-PNG.png\" alt=\"\" class=\"wp-image-202\" style=\"width:386px;height:auto\" srcset=\"https:\/\/cupio.edu.ve\/wp-content\/uploads\/2024\/01\/LOGO-TdG-PNG.png 556w, https:\/\/cupio.edu.ve\/wp-content\/uploads\/2024\/01\/LOGO-TdG-PNG-265x300.png 265w\" sizes=\"auto, (max-width: 556px) 100vw, 556px\" \/><\/figure>\n\n\n\n<p>La coordinaci\u00f3n de Trabajo de Grado e Investigaci\u00f3n es una de las coordinaciones de CUPIO, destinada al desarrollo y la innovaci\u00f3n cient\u00edfica, fomentando el esp\u00edritu investigativo y la producci\u00f3n epist\u00e9mica desde los estudiantes y docentes, buscando el significado de las cosas desde el punto de vista ontol\u00f3gico, sociol\u00f3gico, psicol\u00f3gico y antropol\u00f3gico, aportando herramientas y estrategias a cada una de las carreras humanistas ofertadas en nuestra Academia.<\/p>\n\n\n\n<h2 class=\"wp-block-heading\"><strong>Objetivo<\/strong><\/h2>\n\n\n\n<p>Administrar los procesos pertinentes a la creaci\u00f3n y desarrollo de los Trabajos de Grado e investigaci\u00f3n, originados por los estudiantes, docentes y miembros adjuntos al Colegio Universitario \u00abPadre Isa\u00edas Ojeda\u00bb<\/p>\n\n\n\n<h2 class=\"wp-block-heading\"><strong>Misi\u00f3n<\/strong><\/h2>\n\n\n\n<p>Desarrollar el esp\u00edritu investigativo con los elementos epist\u00e9micos&nbsp;que nos lleven a la innovaci\u00f3n cient\u00edfica, bas\u00e1ndonos en el pensamiento complejo y fomentando la filosof\u00eda de Hogares Crea en nuestro actuar como investigadores y coinvestigadores dentro y fuera de las instalaciones del colegio Universitario Padre Isa\u00edas Ojeda.<\/p>\n\n\n\n<h2 class=\"wp-block-heading\"><strong>Visi\u00f3n<\/strong><\/h2>\n\n\n\n<p>Ser una Unidad de Investigaci\u00f3n que plantee paradigmas, sistemas, m\u00e9todos, l\u00edneas de investigaci\u00f3n en las \u00e1reas sociales desde lo epistemol\u00f3gico,&nbsp;teleol\u00f3gico, axiol\u00f3gico, deontol\u00f3gico y filos\u00f3fico, desarrollando la importancia del complexus antropol\u00f2gico que nos hace protagonistas sociales de nuestro entorno, vinculados a otras casa de estudios nacional e internacionalmente.<\/p>\n\n\n\n<h2 class=\"wp-block-heading\"><strong>Enlaces de Importancia<\/strong><\/h2>\n\n\n\n<p>Repositorio de Trabajos de Grado:<\/p>\n\n\n\n<p><a href=\"https:\/\/sites.google.com\/a\/cupio.edu.ve\/repositorio-trabajos-de-grado-cupio\/\">https:\/\/sites.google.com\/a\/cupio.edu.ve\/repositorio-trabajos-de-grado-cupio\/<\/a><\/p>\n","protected":false},"excerpt":{"rendered":"<p>La coordinaci\u00f3n de Trabajo de Grado e Investigaci\u00f3n es una de las coordinaciones de CUPIO, destinada al desarrollo y la innovaci\u00f3n cient\u00edfica, fomentando el esp\u00edritu investigativo y la producci\u00f3n epist\u00e9mica desde los estudiantes y docentes, buscando el significado de las cosas desde el punto de vista ontol\u00f3gico, sociol\u00f3gico, psicol\u00f3gico y antropol\u00f3gico, aportando herramientas y estrategias [&hellip;]<\/p>\n","protected":false},"author":1,"featured_media":0,"parent":0,"menu_order":0,"comment_status":"closed","ping_status":"closed","template":"","meta":{"footnotes":""},"class_list":["post-201","page","type-page","status-publish","hentry"],"_links":{"self":[{"href":"https:\/\/cupio.edu.ve\/index.php?rest_route=\/wp\/v2\/pages\/201","targetHints":{"allow":["GET"]}}],"collection":[{"href":"https:\/\/cupio.edu.ve\/index.php?rest_route=\/wp\/v2\/pages"}],"about":[{"href":"https:\/\/cupio.edu.ve\/index.php?rest_route=\/wp\/v2\/types\/page"}],"author":[{"embeddable":true,"href":"https:\/\/cupio.edu.ve\/index.php?rest_route=\/wp\/v2\/users\/1"}],"replies":[{"embeddable":true,"href":"https:\/\/cupio.edu.ve\/index.php?rest_route=%2Fwp%2Fv2%2Fcomments&post=201"}],"version-history":[{"count":2,"href":"https:\/\/cupio.edu.ve\/index.php?rest_route=\/wp\/v2\/pages\/201\/revisions"}],"predecessor-version":[{"id":209,"href":"https:\/\/cupio.edu.ve\/index.php?rest_route=\/wp\/v2\/pages\/201\/revisions\/209"}],"wp:attachment":[{"href":"https:\/\/cupio.edu.ve\/index.php?rest_route=%2Fwp%2Fv2%2Fmedia&parent=201"}],"curies":[{"name":"wp","href":"https:\/\/api.w.org\/{rel}","templated":true}]}}