{"id":133,"date":"2024-01-13T14:14:59","date_gmt":"2024-01-13T14:14:59","guid":{"rendered":"https:\/\/cupio.edu.ve\/?page_id=133"},"modified":"2024-01-13T14:14:59","modified_gmt":"2024-01-13T14:14:59","slug":"filosofia-institucional","status":"publish","type":"page","link":"https:\/\/cupio.edu.ve\/?page_id=133","title":{"rendered":"Filosof\u00eda Institucional"},"content":{"rendered":"\n<h2 class=\"wp-block-heading\"><strong>Misi\u00f3n<\/strong><\/h2>\n\n\n\n<p>Formar profesionales t\u00e9cnicos superiores universitarios en carreras de orden social, fomentando el sentido \u00e9tico, sensibilidad humana y creatividad con orientaci\u00f3n a la investigaci\u00f3n, planificaci\u00f3n y ejecuci\u00f3n de planes de acci\u00f3n social, contribuyendo al sano desenvolvimiento del ser humano en la comunidad.<\/p>\n\n\n\n<h2 class=\"wp-block-heading\"><strong>Visi\u00f3n<\/strong><\/h2>\n\n\n\n<p>Ser formadores de l\u00edderes que impulsen la transformaci\u00f3n social, convirti\u00e9ndonos en punto de referencia a nivel nacional, generando administradores, preventores y terapeutas psicosociales capaces de aportar soluciones a la sociedad venezolana, comprometi\u00e9ndonos con el desarrollo del pa\u00eds, siendo un horizonte y ejemplo \u00e9tico para el sector de la educaci\u00f3n superior, organizadores de alianzas estrat\u00e9gicas entre universidades.<\/p>\n\n\n\n<h2 class=\"wp-block-heading\"><strong>Nuestros Valores<\/strong><\/h2>\n\n\n\n<figure class=\"wp-block-table\"><table><tbody><tr><td>Libertad<\/td><td>Creatividad<\/td><td>\u00c9tica<\/td><\/tr><tr><td>Respeto<\/td><td>Responsabilidad Social<\/td><td>Espiritualidad<\/td><\/tr><tr><td>Congruencia<\/td><td>Justicia<\/td><td>Saber<\/td><\/tr><tr><td>Resiliencia<\/td><td>Alegr\u00eda<\/td><td>&nbsp;<\/td><\/tr><\/tbody><\/table><\/figure>\n","protected":false},"excerpt":{"rendered":"<p>Misi\u00f3n Formar profesionales t\u00e9cnicos superiores universitarios en carreras de orden social, fomentando el sentido \u00e9tico, sensibilidad humana y creatividad con orientaci\u00f3n a la investigaci\u00f3n, planificaci\u00f3n y ejecuci\u00f3n de planes de acci\u00f3n social, contribuyendo al sano desenvolvimiento del ser humano en la comunidad. Visi\u00f3n Ser formadores de l\u00edderes que impulsen la transformaci\u00f3n social, convirti\u00e9ndonos en punto [&hellip;]<\/p>\n","protected":false},"author":1,"featured_media":0,"parent":0,"menu_order":0,"comment_status":"closed","ping_status":"closed","template":"","meta":{"footnotes":""},"class_list":["post-133","page","type-page","status-publish","hentry"],"_links":{"self":[{"href":"https:\/\/cupio.edu.ve\/index.php?rest_route=\/wp\/v2\/pages\/133","targetHints":{"allow":["GET"]}}],"collection":[{"href":"https:\/\/cupio.edu.ve\/index.php?rest_route=\/wp\/v2\/pages"}],"about":[{"href":"https:\/\/cupio.edu.ve\/index.php?rest_route=\/wp\/v2\/types\/page"}],"author":[{"embeddable":true,"href":"https:\/\/cupio.edu.ve\/index.php?rest_route=\/wp\/v2\/users\/1"}],"replies":[{"embeddable":true,"href":"https:\/\/cupio.edu.ve\/index.php?rest_route=%2Fwp%2Fv2%2Fcomments&post=133"}],"version-history":[{"count":1,"href":"https:\/\/cupio.edu.ve\/index.php?rest_route=\/wp\/v2\/pages\/133\/revisions"}],"predecessor-version":[{"id":134,"href":"https:\/\/cupio.edu.ve\/index.php?rest_route=\/wp\/v2\/pages\/133\/revisions\/134"}],"wp:attachment":[{"href":"https:\/\/cupio.edu.ve\/index.php?rest_route=%2Fwp%2Fv2%2Fmedia&parent=133"}],"curies":[{"name":"wp","href":"https:\/\/api.w.org\/{rel}","templated":true}]}}