{"id":127,"date":"2024-01-13T14:07:05","date_gmt":"2024-01-13T14:07:05","guid":{"rendered":"https:\/\/cupio.edu.ve\/?page_id=127"},"modified":"2024-01-15T02:42:13","modified_gmt":"2024-01-15T02:42:13","slug":"trayectoria-institucional","status":"publish","type":"page","link":"https:\/\/cupio.edu.ve\/?page_id=127","title":{"rendered":"Trayectoria Institucional"},"content":{"rendered":"\n<p>El Colegio Universitario \u201cPadre Isa\u00edas Ojeda\u201d de Hogares CREA, fue creado bajo la iniciativa del Presb\u00edtero Lic. Jos\u00e9 Mar\u00eda Rivolta Ch\u00e1vez; su funcionamiento fue autorizado seg\u00fan Decreto N\u00ba 2.316 de fecha 24 de Febrero de 2003, publicado en la Gaceta Oficial de la Rep\u00fablica Bolivariana de Venezuela N\u00ba 37.672, de fecha 15 de Abril de 2003. El Comit\u00e9 Directivo Central, promovi\u00f3 la creaci\u00f3n de un Colegio Universitario para estudiar e investigar la problem\u00e1tica de la droga. Un equipo destacado trabaj\u00f3, intensivamente, en el desarrollo de esta idea. Desde el punto de vista Curricular se aspira a mediano plazo elevar el nivel acad\u00e9mico, para convertir el Colegio Universitario en Universidad.<\/p>\n\n\n\n<figure class=\"wp-block-image alignright is-resized\"><img loading=\"lazy\" decoding=\"async\" width=\"1024\" height=\"768\" src=\"http:\/\/cupio.edu.ve\/wp-content\/uploads\/2024\/01\/IMG-20210318-WA0005-1024x768.jpg\" alt=\"\" class=\"wp-image-13\" style=\"width:442px;height:auto\" srcset=\"https:\/\/cupio.edu.ve\/wp-content\/uploads\/2024\/01\/IMG-20210318-WA0005-1024x768.jpg 1024w, https:\/\/cupio.edu.ve\/wp-content\/uploads\/2024\/01\/IMG-20210318-WA0005-300x225.jpg 300w, https:\/\/cupio.edu.ve\/wp-content\/uploads\/2024\/01\/IMG-20210318-WA0005-768x576.jpg 768w, https:\/\/cupio.edu.ve\/wp-content\/uploads\/2024\/01\/IMG-20210318-WA0005.jpg 1080w\" sizes=\"auto, (max-width: 1024px) 100vw, 1024px\" \/><\/figure>\n\n\n\n<p>Finalmente, la instituci\u00f3n inici\u00f3 actividades administrativas en el mes de octubre del a\u00f1o 2006 y actividades acad\u00e9micas en enero de 2007. El colegio tiene como prop\u00f3sito formar profesionales universitarios en prevenci\u00f3n integral y abordaje de adicciones, bajo una visi\u00f3n humanista y con un enfoque bio-psico-social-espiritual del ser humano, de all\u00ed que se ofrecen las siguientes carreras a nivel de T\u00e9cnico Superior Universitario: Administraci\u00f3n. Menci\u00f3n: Programas Sociales, Terapia Psicosocial y Prevenci\u00f3n, Orientaci\u00f3n y Acci\u00f3n Social.<\/p>\n\n\n\n<p>Desde la fecha de creaci\u00f3n a enero de 2024 han egresado doce promociones, con un total de 1002 graduandos, que de acuerdo al perfil de formaci\u00f3n tienen la posibilidad de desempe\u00f1arse en instituciones p\u00fablicas y privadas, tales como: casas de abrigo, instituciones educativas, cuerpos policiales y militares, defensor\u00edas, centros educativos y de salud, organizaciones comunitarias y eclesi\u00e1sticas y centros de atenci\u00f3n y prevenci\u00f3n integral extendidas por el territorio nacional, cumpliendo funciones en equipos interdisciplinarios y participando solidariamente como agentes de transformaci\u00f3n social, con un alto sentido \u00e9tico y responsabilidad social, actuando como investigadores, planificadores y ejecutores de planes de acci\u00f3n social.<\/p>\n","protected":false},"excerpt":{"rendered":"<p>El Colegio Universitario \u201cPadre Isa\u00edas Ojeda\u201d de Hogares CREA, fue creado bajo la iniciativa del Presb\u00edtero Lic. Jos\u00e9 Mar\u00eda Rivolta Ch\u00e1vez; su funcionamiento fue autorizado seg\u00fan Decreto N\u00ba 2.316 de fecha 24 de Febrero de 2003, publicado en la Gaceta Oficial de la Rep\u00fablica Bolivariana de Venezuela N\u00ba 37.672, de fecha 15 de Abril de [&hellip;]<\/p>\n","protected":false},"author":1,"featured_media":0,"parent":0,"menu_order":0,"comment_status":"closed","ping_status":"closed","template":"","meta":{"footnotes":""},"class_list":["post-127","page","type-page","status-publish","hentry"],"_links":{"self":[{"href":"https:\/\/cupio.edu.ve\/index.php?rest_route=\/wp\/v2\/pages\/127","targetHints":{"allow":["GET"]}}],"collection":[{"href":"https:\/\/cupio.edu.ve\/index.php?rest_route=\/wp\/v2\/pages"}],"about":[{"href":"https:\/\/cupio.edu.ve\/index.php?rest_route=\/wp\/v2\/types\/page"}],"author":[{"embeddable":true,"href":"https:\/\/cupio.edu.ve\/index.php?rest_route=\/wp\/v2\/users\/1"}],"replies":[{"embeddable":true,"href":"https:\/\/cupio.edu.ve\/index.php?rest_route=%2Fwp%2Fv2%2Fcomments&post=127"}],"version-history":[{"count":5,"href":"https:\/\/cupio.edu.ve\/index.php?rest_route=\/wp\/v2\/pages\/127\/revisions"}],"predecessor-version":[{"id":278,"href":"https:\/\/cupio.edu.ve\/index.php?rest_route=\/wp\/v2\/pages\/127\/revisions\/278"}],"wp:attachment":[{"href":"https:\/\/cupio.edu.ve\/index.php?rest_route=%2Fwp%2Fv2%2Fmedia&parent=127"}],"curies":[{"name":"wp","href":"https:\/\/api.w.org\/{rel}","templated":true}]}}