{"id":118,"date":"2024-01-13T13:51:26","date_gmt":"2024-01-13T13:51:26","guid":{"rendered":"https:\/\/cupio.edu.ve\/?page_id=118"},"modified":"2024-01-13T13:51:26","modified_gmt":"2024-01-13T13:51:26","slug":"prevencion-orientacion-y-accion-social","status":"publish","type":"page","link":"https:\/\/cupio.edu.ve\/?page_id=118","title":{"rendered":"Prevenci\u00f3n, Orientaci\u00f3n y Acci\u00f3n Social"},"content":{"rendered":"\n<p>Ofrece formaci\u00f3n te\u00f3rico-pr\u00e1ctica, que permite actuar con eficiencia y alto sentido \u00e9tico, como promotor, orientador, facilitador e informador: realizando diversas funciones en proyectos y programas de prevenci\u00f3n integral, con la finalidad de contribuir al crecimiento personal, motivar la participaci\u00f3n ciudadana, mejorar la salud e higiene, prevenir accidentes de trabajo, mejorar condiciones ambientales en los \u00e1mbitos familiares, escolar, laboral, comunidades educativas, voluntarios y l\u00edderes estudiantiles y vecinales, en materia de prevenci\u00f3n integral social.<\/p>\n\n\n\n<h2 class=\"wp-block-heading\"><strong>Roles del Preventor<\/strong><\/h2>\n\n\n\n<p>Dise\u00f1ador, Ejecutor y Evaluador de Programas y Proyectos Preventivos. Promotor de: Desarrollo Comunitario, Participaci\u00f3n, Voluntariado, Tiempo Libre, Crecimiento Personal, Salud e Higiene, Bienestar Estudiantil y Conservaci\u00f3n Ambiental. Comunicador, Investigador, Facilitador, Orientador y Director de Reuniones.<\/p>\n\n\n\n<h2 class=\"wp-block-heading\"><strong>Fuentes de Empleo<\/strong><\/h2>\n\n\n\n<ul class=\"wp-block-list\">\n<li>Hogares de Cuidado Diario.<\/li>\n\n\n\n<li>Instituciones Hospitalarias, Penitenciarias, Deportivas.<\/li>\n\n\n\n<li>Centros de Protecci\u00f3n Civil y Administraci\u00f3n de Desastres.<\/li>\n\n\n\n<li>Gobernaciones y Alcald\u00edas.<\/li>\n\n\n\n<li>Medios de Comunicaci\u00f3n.<\/li>\n\n\n\n<li>Consejo de Protecci\u00f3n al Ni\u00f1o y Adolescentes.<\/li>\n\n\n\n<li>Empresas: Departamento de Capital Humano y Responsabilidad<\/li>\n\n\n\n<li>Instituciones Educativas.<\/li>\n<\/ul>\n\n\n\n<h2 class=\"wp-block-heading\"><strong>T\u00edtulo que otorga<\/strong><em>\u00a0<\/em><\/h2>\n\n\n\n<p><em>T\u00e9cnico Superior Universitario en Prevenci\u00f3n, Orientaci\u00f3n y Acci\u00f3n Social.<\/em><\/p>\n\n\n\n<h2 class=\"wp-block-heading\">Pensum de Estudio<\/h2>\n\n\n\n<div class=\"wp-block-columns is-layout-flex wp-container-core-columns-is-layout-28f84493 wp-block-columns-is-layout-flex\">\n<div class=\"wp-block-column is-layout-flow wp-block-column-is-layout-flow\"><\/div>\n<\/div>\n\n\n\n<figure class=\"wp-block-image alignfull size-full\"><img loading=\"lazy\" decoding=\"async\" width=\"821\" height=\"549\" src=\"https:\/\/cupio.edu.ve\/wp-content\/uploads\/2024\/01\/Pensum-Prevencion.jpg\" alt=\"\" class=\"wp-image-119\" srcset=\"https:\/\/cupio.edu.ve\/wp-content\/uploads\/2024\/01\/Pensum-Prevencion.jpg 821w, https:\/\/cupio.edu.ve\/wp-content\/uploads\/2024\/01\/Pensum-Prevencion-300x201.jpg 300w, https:\/\/cupio.edu.ve\/wp-content\/uploads\/2024\/01\/Pensum-Prevencion-768x514.jpg 768w\" sizes=\"auto, (max-width: 821px) 100vw, 821px\" \/><\/figure>\n","protected":false},"excerpt":{"rendered":"<p>Ofrece formaci\u00f3n te\u00f3rico-pr\u00e1ctica, que permite actuar con eficiencia y alto sentido \u00e9tico, como promotor, orientador, facilitador e informador: realizando diversas funciones en proyectos y programas de prevenci\u00f3n integral, con la finalidad de contribuir al crecimiento personal, motivar la participaci\u00f3n ciudadana, mejorar la salud e higiene, prevenir accidentes de trabajo, mejorar condiciones ambientales en los \u00e1mbitos [&hellip;]<\/p>\n","protected":false},"author":1,"featured_media":0,"parent":0,"menu_order":0,"comment_status":"closed","ping_status":"closed","template":"","meta":{"footnotes":""},"class_list":["post-118","page","type-page","status-publish","hentry"],"_links":{"self":[{"href":"https:\/\/cupio.edu.ve\/index.php?rest_route=\/wp\/v2\/pages\/118","targetHints":{"allow":["GET"]}}],"collection":[{"href":"https:\/\/cupio.edu.ve\/index.php?rest_route=\/wp\/v2\/pages"}],"about":[{"href":"https:\/\/cupio.edu.ve\/index.php?rest_route=\/wp\/v2\/types\/page"}],"author":[{"embeddable":true,"href":"https:\/\/cupio.edu.ve\/index.php?rest_route=\/wp\/v2\/users\/1"}],"replies":[{"embeddable":true,"href":"https:\/\/cupio.edu.ve\/index.php?rest_route=%2Fwp%2Fv2%2Fcomments&post=118"}],"version-history":[{"count":1,"href":"https:\/\/cupio.edu.ve\/index.php?rest_route=\/wp\/v2\/pages\/118\/revisions"}],"predecessor-version":[{"id":120,"href":"https:\/\/cupio.edu.ve\/index.php?rest_route=\/wp\/v2\/pages\/118\/revisions\/120"}],"wp:attachment":[{"href":"https:\/\/cupio.edu.ve\/index.php?rest_route=%2Fwp%2Fv2%2Fmedia&parent=118"}],"curies":[{"name":"wp","href":"https:\/\/api.w.org\/{rel}","templated":true}]}}